{"id":90,"date":"2018-10-15T18:38:40","date_gmt":"2018-10-15T16:38:40","guid":{"rendered":"http:\/\/screen-fashion.com\/sf\/?page_id=90"},"modified":"2021-01-04T11:37:42","modified_gmt":"2021-01-04T10:37:42","slug":"agb","status":"publish","type":"page","link":"http:\/\/screen-fashion.com\/sf\/agb\/","title":{"rendered":"AGB"},"content":{"rendered":"[et_pb_section fb_built=&#8220;1&#8243; admin_label=&#8220;section&#8220; _builder_version=&#8220;4.7.7&#8243; background_image=&#8220;http:\/\/screen-fashion.com\/sf\/wp-content\/uploads\/2020\/12\/SF-bckgr.png&#8220; custom_padding=&#8220;||||false|false&#8220; hover_enabled=&#8220;0&#8243; sticky_enabled=&#8220;0&#8243;][et_pb_row _builder_version=&#8220;4.7.6&#8243; _module_preset=&#8220;default&#8220;][et_pb_column type=&#8220;4_4&#8243; _builder_version=&#8220;4.7.6&#8243; _module_preset=&#8220;default&#8220;][et_pb_text _builder_version=&#8220;4.7.7&#8243; _module_preset=&#8220;90463d72-7258-4d2b-8427-f9288de05c70&#8243;]<h1 class=\"western\">AGB<\/h1>[\/et_pb_text][\/et_pb_column][\/et_pb_row][et_pb_row admin_label=&#8220;row&#8220; _builder_version=&#8220;4.7.6&#8243; background_size=&#8220;initial&#8220; background_position=&#8220;top_left&#8220; background_repeat=&#8220;repeat&#8220;][et_pb_column type=&#8220;4_4&#8243; _builder_version=&#8220;3.25&#8243; custom_padding=&#8220;|||&#8220; custom_padding__hover=&#8220;|||&#8220;][et_pb_text admin_label=&#8220;Text&#8220; _builder_version=&#8220;4.7.6&#8243; background_color=&#8220;rgba(0,0,0,0)&#8220; background_enable_image=&#8220;off&#8220;]<p>Allgemeine Gesch\u00e4ftsbedingungen von Screen Fashion<\/p>\n<p><strong style=\"font-size: 14px;\">I. Geltungsbereich<br \/><\/strong><span style=\"font-size: 14px;\">1. F\u00fcr s\u00e4mtliche Gesch\u00e4fte zwischen dem Kunden und Screen Fashion gelten ausschlie\u00dflich diese AGB.<\/span><\/p>\n<p><!-- \/wp:post-content --><\/p>\n<p><!-- wp:paragraph --><strong>II. Angebot und Vertragsabschluss<\/strong><br \/> 1. Alle Angebote von Screen Fashion sind freibleibend.<br \/> 2. Die Auftr\u00e4ge des Kunden gelten erst durch eine schriftliche oder elektronische (E-mail) Auftragsbest\u00e4tigung als angenommen.<\/p>\n<p><!-- \/wp:paragraph --><\/p>\n<p><!-- wp:paragraph --><strong>III. Leistungen und Verg\u00fctung<\/strong><br \/> 1. Die Verg\u00fctung erfolgt auf der Grundlage des dem jeweiligen Auftrag zugrundeliegenden Angebots. Die aufgef\u00fchrten Verg\u00fctungen sind keine Nettobetr\u00e4ge, die Mehrwertsteuer wird nicht erhoben da die Kleinunternehmerregelung gem\u00e4\u00df \u00a7 19 Umsatzsteuergesetz angewandt wird. Entw\u00fcrfe, Konzepte, Texte, Bilder, Fotos, Animationen oder Reinzeichnungen bilden zusammen mit der Einr\u00e4umung von Nutzungsrechten eine einheitliche Leistung.<br \/> 2. Entw\u00fcrfe, Konzepte, Texte, Bilder, Fotos, Animationen oder Reinzeichnungen d\u00fcrfen nur f\u00fcr die vertraglich vereinbarte Nutzungsart<br \/> und den vereinbarten Zweck im vereinbarten Umfang genutzt werden. Jede anderweitige Nutzung ist nur mit Einwilligung von Screen Fashion und nach Vereinbarung einer zus\u00e4tzlichen Verg\u00fctung gestattet.<br \/> 3. Im Rahmen des Auftrags besteht die Gestaltungsfreiheit. W\u00fcnscht der Kunde w\u00e4hrend oder nach der Produktion \u00c4nderungen, so hat dieser die dadurch entstehenden Mehrkosten zu tragen. Screen Fashion beh\u00e4lt den Verg\u00fctungsanspruch f\u00fcr bereits begonnene Arbeiten.<\/p>\n<p><!-- \/wp:paragraph --><\/p>\n<p><!-- wp:paragraph --><strong>IV. Mitwirkungspflicht des Kunden<\/strong><br \/> 1. Der Kunde soll bei der Leistungserbringung mitwirken. Er muss seine Anforderungen im Hinblick auf das von ihm gew\u00fcnschte Werk so genau beschreiben, dass Screen Fashion in der Lage ist, die Vorstellungen des Kunden samt Inhalt und die Zielrichtung der Werbema\u00dfnahme zu erschlie\u00dfen.<br \/> 2. Verz\u00f6gert sich die Durchf\u00fchrung des Auftrags aus Gr\u00fcnden, die der Kunde zu vertreten hat, so kann Screen Fashion eine angemessene Erh\u00f6hung der Verg\u00fctung verlangen. Bei Vorsatz oder grober Fahrl\u00e4ssigkeit kann Screen Fashion auch Schadenersatzanspr\u00fcche geltend machen.<\/p>\n<p><!-- \/wp:paragraph --><\/p>\n<p><!-- wp:paragraph --><strong>V. Urheberrecht und Nutzungsrecht<\/strong><br \/> 1. Alle Entw\u00fcrfe, Konzepte, Texte, Bilder, Fotos, Animationen oder Reinzeichnungen sind als pers\u00f6nliche geistige Sch\u00f6pfungen durch das Urheberrechtsgesetz gesch\u00fctzt. Ohne ausdr\u00fcckliche Einwilligung von Screen Fashion d\u00fcrfen sie weder im Original noch bei der Reproduktion ver\u00e4ndert werden.<br \/> 2. Screen Fashion ist berechtigt, grafische Arbeiten, Bilder, Logos, Fotos, Animationen, Texte und Konzepte zum Zwecke der Eigenwerbung zu verwenden.<\/p>\n<p><!-- \/wp:paragraph --><strong>VI. Kleinunternehmerregelung<\/strong><br \/> Bei Rechnungstellung gilt die Kleinunternehmerregelung gem\u00e4\u00df \u00a7 19 UStG.<\/p>\n<p><!-- wp:paragraph --><strong>VII. F\u00e4lligkeit<\/strong><br \/> 1. Die Verg\u00fctung ist nach \u00dcbermittlung der bestellten Arbeiten gem\u00e4\u00df den auf der Rechnung ausgewiesenen Zahlungsbedingungen f\u00e4llig.<br \/> 2. Bei Zahlungsverzug kann Screen Fashion Verzugszinsen in H\u00f6he von 8% \u00fcber dem Basiszinssatz verlangen. Die Geltendmachung eines nachgewiesenen h\u00f6heren Schadens bleibt davon unber\u00fchrt.<\/p>\n<p><!-- \/wp:paragraph --><\/p>[\/et_pb_text][\/et_pb_column][\/et_pb_row][\/et_pb_section]","protected":false},"excerpt":{"rendered":"<p>AGBAllgemeine Gesch\u00e4ftsbedingungen von Screen Fashion I. Geltungsbereich1. F\u00fcr s\u00e4mtliche Gesch\u00e4fte zwischen dem Kunden und Screen Fashion gelten ausschlie\u00dflich diese AGB. II. Angebot und Vertragsabschluss 1. Alle Angebote von Screen Fashion sind freibleibend. 2. Die Auftr\u00e4ge des Kunden gelten erst durch eine schriftliche oder elektronische (E-mail) Auftragsbest\u00e4tigung als angenommen. III. Leistungen und Verg\u00fctung 1. Die Verg\u00fctung [&hellip;]<\/p>\n","protected":false},"author":1,"featured_media":0,"parent":0,"menu_order":0,"comment_status":"closed","ping_status":"closed","template":"","meta":{"_et_pb_use_builder":"on","_et_pb_old_content":"<!-- wp:paragraph -->\n<p>Allgemeine Gesch\u00e4ftsbedingungen von Screen Fashion<\/p>\n<!-- \/wp:paragraph -->\n\n<!-- wp:paragraph -->\n<p>\n<strong>I. Geltungsbereich<\/strong><br>\n1. F\u00fcr s\u00e4mtliche Gesch\u00e4fte zwischen dem Kunden und Screen Fashion gelten ausschlie\u00dflich diese AGB.<\/p>\n<!-- \/wp:paragraph -->\n\n<!-- wp:paragraph -->\n<p><strong>II. Angebot und Vertragsabschluss<\/strong><br>\n1. Alle Angebote von Screen Fashion sind freibleibend.<br>\n2. Die Auftr\u00e4ge des Kunden gelten erst durch eine schriftliche oder elektronische (E-mail) Auftragsbest\u00e4tigung als angenommen.<\/p>\n<!-- \/wp:paragraph -->\n\n<!-- wp:paragraph -->\n<p><strong>III. Leistungen und Verg\u00fctung<\/strong><br>\n1. Die Verg\u00fctung erfolgt auf der Grundlage des dem jeweiligen Auftrag \nzugrundeliegenden Angebots. Die aufgef\u00fchrten Verg\u00fctungen sind keine \nNettobetr\u00e4ge, die Mehrwersteuer wird nicht erhoben da die \nKlein-unternehmerregelung gem\u00e4\u00df \u00a7 19 Umsatzsteuergesetz angewandt wird.<br>\nEntw\u00fcrfe, Konzepte, Texte, Bilder, Fotos, Animationen oder \nReinzeichnungen bilden zusammen mit der Einr\u00e4umung von Nutzungsrechten \neine einheitliche Leistung.<br>\n2. Entw\u00fcrfe, Konzepte, Texte, Bilder, Fotos, Animationen oder \nReinzeichnungen d\u00fcrfen nur f\u00fcr die vertraglich vereinbarte Nutzungsart \nund den vereinbarten Zweck im vereinbarten Umfang genutzt werden. Jede \nanderweitige Nutzung ist nur mit Einwilligung von Screen Fashion und \nnach Vereinbarung einer zus\u00e4tzlichen Verg\u00fctung gestattet.<br>\n3. Im Rahmen des Auftrags besteht die Gestaltungsfreiheit. W\u00fcnscht der \nKunde w\u00e4hrend oder nach der Produktion \u00c4nderungen, so hat dieser die \ndadurch entstehenden Mehrkosten zu tragen. Screen Fashion beh\u00e4lt den \nVerg\u00fctungsanspruch f\u00fcr bereits begonnene Arbeiten.<\/p>\n<!-- \/wp:paragraph -->\n\n<!-- wp:paragraph -->\n<p><strong>IV. Mitwirkungspflicht des Kunden<\/strong><br>\n1. Der Kunde soll bei der Leistungserbringung mitwirken. Er muss seine \nAnforderungen im Hinblick auf das von ihm gew\u00fcnschte Werk so genau \nbeschreiben, dass Screen Fashion in der Lage ist, die Vorstellungen des \nKunden samt Inhalt und die Zielrichtung der Werbema\u00dfnahme zu \nerschlie\u00dfen.<br>\n2. Verz\u00f6gert sich die Durchf\u00fchrung des Auftrags aus Gr\u00fcnden, die der \nKunde zu vertreten hat, so kann Screen Fashion eine angemessene Erh\u00f6hung\n der Verg\u00fctung verlangen. Bei Vorsatz oder grober Fahrl\u00e4ssigkeit kann \nScreen Fashion auch Schadenersatzanspr\u00fcche geltend machen.<\/p>\n<!-- \/wp:paragraph -->\n\n<!-- wp:paragraph -->\n<p><strong>V. Urheberrecht und Nutzungsrecht<\/strong><br>\n1. Alle Entw\u00fcrfe, Konzepte, Texte, Bilder, Fotos, Animationen oder \nReinzeichnungen sind als pers\u00f6nliche geistige Sch\u00f6pfungen durch das \nUrheberrechtsgesetz gesch\u00fctzt. Ohne ausdr\u00fcckliche Einwilligung von \nScreen Fashion d\u00fcrfen sie weder im Original noch bei der Reproduktion \nver\u00e4ndert werden.<br>\n2. Screen Fashion ist berechtigt, grafische Arbeiten, Bilder, Logos, \nFotos, Animationen, Texte und Konzepte zum Zwecke der Eigenwerbung zu \nverwenden.<\/p>\n<!-- \/wp:paragraph -->\n\n<p><strong>VI. Kleinunternehmerregelung<\/strong><br \/>Bei Rechnungstellung gilt die Kleinunternehmerregelung gem\u00e4\u00df \u00a7 19 UStG.<\/p>\n\n<!-- wp:paragraph -->\n<p><strong>VII. F\u00e4lligkeit<\/strong><br> 1. Die Verg\u00fctung ist nach \u00dcbermittlung der bestellten Arbeiten gem\u00e4\u00df den  auf der Rechnung ausgewiesenen Zahlungsbedingungen f\u00e4llig.<br> 2. Bei Zahlungsverzug kann Screen Fashion Verzugszinsen in H\u00f6he von 8%  \u00fcber dem Basiszinssatz verlangen. Die Geltendmachung eines  nachgewiesenen h\u00f6heren Schadens bleibt davon unber\u00fchrt.<\/p>\n<!-- \/wp:paragraph -->","_et_gb_content_width":"","footnotes":""},"class_list":["post-90","page","type-page","status-publish","hentry"],"_links":{"self":[{"href":"http:\/\/screen-fashion.com\/sf\/wp-json\/wp\/v2\/pages\/90","targetHints":{"allow":["GET"]}}],"collection":[{"href":"http:\/\/screen-fashion.com\/sf\/wp-json\/wp\/v2\/pages"}],"about":[{"href":"http:\/\/screen-fashion.com\/sf\/wp-json\/wp\/v2\/types\/page"}],"author":[{"embeddable":true,"href":"http:\/\/screen-fashion.com\/sf\/wp-json\/wp\/v2\/users\/1"}],"replies":[{"embeddable":true,"href":"http:\/\/screen-fashion.com\/sf\/wp-json\/wp\/v2\/comments?post=90"}],"version-history":[{"count":18,"href":"http:\/\/screen-fashion.com\/sf\/wp-json\/wp\/v2\/pages\/90\/revisions"}],"predecessor-version":[{"id":4475,"href":"http:\/\/screen-fashion.com\/sf\/wp-json\/wp\/v2\/pages\/90\/revisions\/4475"}],"wp:attachment":[{"href":"http:\/\/screen-fashion.com\/sf\/wp-json\/wp\/v2\/media?parent=90"}],"curies":[{"name":"wp","href":"https:\/\/api.w.org\/{rel}","templated":true}]}}