{"id":4662,"date":"2022-01-22T17:23:07","date_gmt":"2022-01-22T16:23:07","guid":{"rendered":"http:\/\/screen-fashion.com\/sf\/?page_id=4662"},"modified":"2022-03-03T21:30:41","modified_gmt":"2022-03-03T20:30:41","slug":"ueber-mich","status":"publish","type":"page","link":"http:\/\/screen-fashion.com\/sf\/ueber-mich\/","title":{"rendered":"\u00dcber mich"},"content":{"rendered":"<p>[et_pb_section fb_built=&#8220;1&#8243; admin_label=&#8220;section&#8220; _builder_version=&#8220;4.7.7&#8243; background_image=&#8220;http:\/\/screen-fashion.com\/sf\/wp-content\/uploads\/2020\/12\/SF-bckgr.png&#8220; custom_padding=&#8220;||||false|false&#8220; global_colors_info=&#8220;{}&#8220;][et_pb_row _builder_version=&#8220;4.7.6&#8243; _module_preset=&#8220;default&#8220; global_colors_info=&#8220;{}&#8220;][et_pb_column type=&#8220;4_4&#8243; _builder_version=&#8220;4.7.6&#8243; _module_preset=&#8220;default&#8220; global_colors_info=&#8220;{}&#8220;][et_pb_text content_tablet=&#8220;&#8220; content_phone=&#8220;&#8220; content_last_edited=&#8220;on|desktop&#8220; _builder_version=&#8220;4.14.7&#8243; _module_preset=&#8220;default&#8220; header_font=&#8220;||||||||&#8220; global_colors_info=&#8220;{}&#8220;]<\/p>\n<h1 class=\"western\">\u00dcber mich<\/h1>\n<p>[\/et_pb_text][\/et_pb_column][\/et_pb_row][et_pb_row _builder_version=&#8220;4.7.6&#8243; _module_preset=&#8220;default&#8220; custom_padding=&#8220;26px|||||&#8220; global_colors_info=&#8220;{}&#8220;][et_pb_column type=&#8220;4_4&#8243; _builder_version=&#8220;4.7.6&#8243; _module_preset=&#8220;default&#8220; global_colors_info=&#8220;{}&#8220;][et_pb_image src=&#8220;http:\/\/screen-fashion.com\/sf\/wp-content\/uploads\/2020\/12\/SelfportraitDK_Initial.jpg&#8220; title_text=&#8220;SelfportraitDK_Initial&#8220; show_bottom_space_tablet=&#8220;&#8220; show_bottom_space_phone=&#8220;&#8220; show_bottom_space_last_edited=&#8220;on|desktop&#8220; _builder_version=&#8220;4.8.1&#8243; _module_preset=&#8220;default&#8220; width=&#8220;11%&#8220; max_width_tablet=&#8220;19%&#8220; max_width_phone=&#8220;22%&#8220; max_width_last_edited=&#8220;on|desktop&#8220; custom_margin=&#8220;|7px|1px||false|false&#8220; custom_padding=&#8220;||||false|false&#8220; custom_css_main_element=&#8220;float:left;&#8220; border_radii=&#8220;on|8px|8px|8px|8px&#8220; global_colors_info=&#8220;{}&#8220;][\/et_pb_image][et_pb_text _builder_version=&#8220;4.8.1&#8243; _module_preset=&#8220;default&#8220; global_colors_info=&#8220;{}&#8220;]<\/p>\n<p>ehr geehrte Besucherin und sehr geehrter Besucher! Herzlich willkommen auf meiner Homepage. Hier pr\u00e4sentiere ich Ihnen einen \u00dcberblick \u00fcber meine Arbeit. Gerade als Kleinunternehmer versuche ich m\u00f6glichst viele Bereiche abzudecken und die Auswahl meiner Leistungen ist deshalb sehr vielf\u00e4ltig und geht von der Erstellung von ansprechendem 3D Content bis zur Gestaltung von Webseiten, inklusive optionaler Hilfe zu allen m\u00f6glichen oder auch unm\u00f6glichen Fragen zum Thema Personal Computer. Mein Schwerpuntkt ist seit der Pandemiesituation vorallem die Erstellung von CMS basierten Webseiten. Mit einem CMS (Content Management System) erstellte Webseiten, lassen sich auf aktuelle Standards upgraden. Die Weiterentwicklung bzw. Aktualisierung der Webseite kann \u00fcber das CMS verwaltet werden. Interessant ist auch die Blogfunktion f\u00fcr Menschen, die h\u00e4ufiger Ank\u00fcdigungen, aktuelle Nachrichten, Bekanntmachungen oder Berichte online ver\u00f6ffentlichen m\u00f6chten. Die Gestaltungs- und Anwendungsm\u00f6glichkeiten sind sehr vielf\u00e4ltig. Bitte z\u00f6gern Sie nicht, mich bei Interesse und Fragen zu\u00a0kontaktieren.<\/p>\n<p>Gerne mache ich Ihnen ein Angebot, angepasst an Ihr Budget und an Ihre Anforderungen!<\/p>\n<p>[\/et_pb_text][\/et_pb_column][\/et_pb_row][et_pb_row column_structure=&#8220;1_2,1_2&#8243; _builder_version=&#8220;4.8.1&#8243; _module_preset=&#8220;default&#8220; custom_margin=&#8220;50px||||false|false&#8220; global_colors_info=&#8220;{}&#8220;][et_pb_column type=&#8220;1_2&#8243; _builder_version=&#8220;4.7.6&#8243; _module_preset=&#8220;default&#8220; global_colors_info=&#8220;{}&#8220;][et_pb_text _builder_version=&#8220;4.8.1&#8243; _module_preset=&#8220;default&#8220; global_colors_info=&#8220;{}&#8220;]<\/p>\n<ul>\n<li>\n<p>3D Visualisierung<\/p>\n<\/li>\n<li>\n<p>Grafikdesign<\/p>\n<\/li>\n<li>Webdesign<\/li>\n<li>Webseiten-Redesign<\/li>\n<li>Logoentwicklung \/ Branding<\/li>\n<li>\n<p>Homepages, Multilanguage-Sites und Webshops<\/p>\n<\/li>\n<li>Printmediengestaltung<\/li>\n<li>\n<p>PC- und Softwareeinrichtung<\/p>\n<\/li>\n<li>\n<p>Fernwartung f\u00fcr PC-Systeme<\/p>\n<\/li>\n<li>Fernhilfe bei PC-Fehlbedienung<\/li>\n<li>\u00dcbersetzungen (Deutsch \/ Tschechisch)<\/li>\n<\/ul>\n<p>[\/et_pb_text][\/et_pb_column][et_pb_column type=&#8220;1_2&#8243; _builder_version=&#8220;4.7.6&#8243; _module_preset=&#8220;default&#8220; global_colors_info=&#8220;{}&#8220;][et_pb_text _builder_version=&#8220;4.14.7&#8243; _module_preset=&#8220;default&#8220; hover_enabled=&#8220;0&#8243; sticky_enabled=&#8220;0&#8243;]<\/p>\n<p><strong>Kontakt:<\/strong><br \/><a href=\"mailto:info@screen-fashion.com\">info@screen-fashion.com<\/a><\/p>\n<p>[\/et_pb_text][\/et_pb_column][\/et_pb_row][\/et_pb_section]<\/p>\n","protected":false},"excerpt":{"rendered":"<p>\u00dcber michehr geehrte Besucherin und sehr geehrter Besucher! Herzlich willkommen auf meiner Homepage. Hier pr\u00e4sentiere ich Ihnen einen \u00dcberblick \u00fcber meine Arbeit. Gerade als Kleinunternehmer versuche ich m\u00f6glichst viele Bereiche abzudecken und die Auswahl meiner Leistungen ist deshalb sehr vielf\u00e4ltig und geht von der Erstellung von ansprechendem 3D Content bis zur Gestaltung von Webseiten, inklusive [&hellip;]<\/p>\n","protected":false},"author":1,"featured_media":0,"parent":0,"menu_order":0,"comment_status":"closed","ping_status":"closed","template":"","meta":{"_et_pb_use_builder":"on","_et_pb_old_content":"","_et_gb_content_width":"","footnotes":""},"class_list":["post-4662","page","type-page","status-publish","hentry"],"_links":{"self":[{"href":"http:\/\/screen-fashion.com\/sf\/wp-json\/wp\/v2\/pages\/4662","targetHints":{"allow":["GET"]}}],"collection":[{"href":"http:\/\/screen-fashion.com\/sf\/wp-json\/wp\/v2\/pages"}],"about":[{"href":"http:\/\/screen-fashion.com\/sf\/wp-json\/wp\/v2\/types\/page"}],"author":[{"embeddable":true,"href":"http:\/\/screen-fashion.com\/sf\/wp-json\/wp\/v2\/users\/1"}],"replies":[{"embeddable":true,"href":"http:\/\/screen-fashion.com\/sf\/wp-json\/wp\/v2\/comments?post=4662"}],"version-history":[{"count":5,"href":"http:\/\/screen-fashion.com\/sf\/wp-json\/wp\/v2\/pages\/4662\/revisions"}],"predecessor-version":[{"id":4699,"href":"http:\/\/screen-fashion.com\/sf\/wp-json\/wp\/v2\/pages\/4662\/revisions\/4699"}],"wp:attachment":[{"href":"http:\/\/screen-fashion.com\/sf\/wp-json\/wp\/v2\/media?parent=4662"}],"curies":[{"name":"wp","href":"https:\/\/api.w.org\/{rel}","templated":true}]}}